{"id":15461,"date":"2024-04-21T19:19:50","date_gmt":"2024-04-21T17:19:50","guid":{"rendered":"https:\/\/mediation-wittmann.de\/?page_id=15461"},"modified":"2025-08-11T15:59:41","modified_gmt":"2025-08-11T13:59:41","slug":"ueber-mich-2","status":"publish","type":"page","link":"https:\/\/mediation-wittmann.de\/index.php\/ueber-mich-2\/","title":{"rendered":"\u00dcber mich"},"content":{"rendered":"\t\t<div data-elementor-type=\"wp-page\" data-elementor-id=\"15461\" class=\"elementor elementor-15461\">\n\t\t\t\t<div class=\"elementor-element elementor-element-b9327a3 e-flex e-con-boxed e-con e-parent\" data-id=\"b9327a3\" data-element_type=\"container\">\n\t\t\t\t\t<div class=\"e-con-inner\">\n\t\t<div class=\"elementor-element elementor-element-981bc05 e-con-full e-flex e-con e-child\" data-id=\"981bc05\" data-element_type=\"container\">\n\t\t<div class=\"elementor-element elementor-element-e105064 e-flex e-con-boxed e-con e-child\" data-id=\"e105064\" data-element_type=\"container\">\n\t\t\t\t\t<div class=\"e-con-inner\">\n\t\t\t\t<div class=\"elementor-element elementor-element-422eb68 elementor-widget elementor-widget-image\" data-id=\"422eb68\" data-element_type=\"widget\" data-widget_type=\"image.default\">\n\t\t\t\t<div class=\"elementor-widget-container\">\n\t\t\t\t\t\t\t\t\t\t\t\t\t\t\t<img fetchpriority=\"high\" decoding=\"async\" width=\"1011\" height=\"1024\" src=\"https:\/\/mediation-wittmann.de\/wp-content\/uploads\/2018\/12\/Monica-Wittmann-profil-1011x1024.jpg\" class=\"attachment-large size-large wp-image-15319\" alt=\"Monica-Wittmann-profil\" srcset=\"https:\/\/mediation-wittmann.de\/wp-content\/uploads\/2018\/12\/Monica-Wittmann-profil-1011x1024.jpg 1011w, https:\/\/mediation-wittmann.de\/wp-content\/uploads\/2018\/12\/Monica-Wittmann-profil-296x300.jpg 296w, https:\/\/mediation-wittmann.de\/wp-content\/uploads\/2018\/12\/Monica-Wittmann-profil-768x778.jpg 768w, https:\/\/mediation-wittmann.de\/wp-content\/uploads\/2018\/12\/Monica-Wittmann-profil-700x709.jpg 700w, https:\/\/mediation-wittmann.de\/wp-content\/uploads\/2018\/12\/Monica-Wittmann-profil.jpg 1690w\" sizes=\"(max-width: 1011px) 100vw, 1011px\" \/>\t\t\t\t\t\t\t\t\t\t\t\t\t\t\t<\/div>\n\t\t\t\t<\/div>\n\t\t\t\t\t<\/div>\n\t\t\t\t<\/div>\n\t\t<div class=\"elementor-element elementor-element-132e303 e-con-full e-flex e-con e-child\" data-id=\"132e303\" data-element_type=\"container\">\n\t\t\t\t<div class=\"elementor-element elementor-element-f128e13 elementor-widget elementor-widget-heading\" data-id=\"f128e13\" data-element_type=\"widget\" data-widget_type=\"heading.default\">\n\t\t\t\t<div class=\"elementor-widget-container\">\n\t\t\t\t\t<h2 class=\"elementor-heading-title elementor-size-default\">MONICA WITTMANN<\/h2>\t\t\t\t<\/div>\n\t\t\t\t<\/div>\n\t\t\t\t<div class=\"elementor-element elementor-element-79c2e90 elementor-widget-divider--view-line elementor-widget elementor-widget-divider\" data-id=\"79c2e90\" data-element_type=\"widget\" data-widget_type=\"divider.default\">\n\t\t\t\t<div class=\"elementor-widget-container\">\n\t\t\t\t\t\t\t<div class=\"elementor-divider\">\n\t\t\t<span class=\"elementor-divider-separator\">\n\t\t\t\t\t\t<\/span>\n\t\t<\/div>\n\t\t\t\t\t\t<\/div>\n\t\t\t\t<\/div>\n\t\t\t\t<div class=\"elementor-element elementor-element-fe826d2 elementor-widget elementor-widget-text-editor\" data-id=\"fe826d2\" data-element_type=\"widget\" data-widget_type=\"text-editor.default\">\n\t\t\t\t<div class=\"elementor-widget-container\">\n\t\t\t\t\t\t\t\t\t<p><strong>Es entspricht meiner ureigensten \u00dcberzeugung, dass uns das Menschsein dazu verpflichtet, auch in hochemotionalen Konfliktsituationen respektvoll miteinander umzugehen und in einen Dialog einzutreten. Erst recht, wenn Kinder vom Konflikt betroffen sind. Dar\u00fcberhinaus vertrete ich die Ansicht, dass es in jeder Situation besser ist in der Eigenverantwortung zu bleiben, als die eigenen Konflikte zu delegieren. Mir pers\u00f6nlich ist es im Streitfall immer wichtig, alle Sichtweisen anzuh\u00f6ren, was mitunter der Grund war, weshalb ich eine Anwaltst\u00e4tigkeit f\u00fcr mich immer schon ausgeschlossen hatte. Meine Arbeit als Mediatorin hingegen empfinde ich als Privileg, denn kommen meine Klienten zu einer f\u00fcr alle tragbaren L\u00f6sung ihres Konflikts, hatte ich Anteil daran und das ist es, was mich so sehr von dieser Arbeit \u00fcberzeugt.<\/strong><\/p><p><strong>Nach dem Studium der Rechtswissenschaften war ich im Personalmanagement t\u00e4tig bis ich nach der Geburt meiner drei Kinder eine Ausbildung zur Mediatorin absolviert habe.<\/strong><\/p>\t\t\t\t\t\t\t\t<\/div>\n\t\t\t\t<\/div>\n\t\t\t\t<div class=\"elementor-element elementor-element-4675fc3 elementor-widget elementor-widget-image\" data-id=\"4675fc3\" data-element_type=\"widget\" data-widget_type=\"image.default\">\n\t\t\t\t<div class=\"elementor-widget-container\">\n\t\t\t\t\t\t\t\t\t\t\t\t\t\t\t<img decoding=\"async\" width=\"1024\" height=\"344\" src=\"https:\/\/mediation-wittmann.de\/wp-content\/uploads\/2018\/12\/sign-1024x344.jpg\" class=\"attachment-large size-large wp-image-14924\" alt=\"\" srcset=\"https:\/\/mediation-wittmann.de\/wp-content\/uploads\/2018\/12\/sign-1024x344.jpg 1024w, https:\/\/mediation-wittmann.de\/wp-content\/uploads\/2018\/12\/sign-300x101.jpg 300w, https:\/\/mediation-wittmann.de\/wp-content\/uploads\/2018\/12\/sign-768x258.jpg 768w, https:\/\/mediation-wittmann.de\/wp-content\/uploads\/2018\/12\/sign-700x235.jpg 700w, https:\/\/mediation-wittmann.de\/wp-content\/uploads\/2018\/12\/sign.jpg 1100w\" sizes=\"(max-width: 1024px) 100vw, 1024px\" \/>\t\t\t\t\t\t\t\t\t\t\t\t\t\t\t<\/div>\n\t\t\t\t<\/div>\n\t\t\t\t<\/div>\n\t\t\t\t<\/div>\n\t\t\t\t\t<\/div>\n\t\t\t\t<\/div>\n\t\t<div class=\"elementor-element elementor-element-6895a87 e-flex e-con-boxed e-con e-parent\" data-id=\"6895a87\" data-element_type=\"container\">\n\t\t\t\t\t<div class=\"e-con-inner\">\n\t\t\t\t<div class=\"elementor-element elementor-element-8660e27 elementor-widget elementor-widget-text-editor\" data-id=\"8660e27\" data-element_type=\"widget\" data-widget_type=\"text-editor.default\">\n\t\t\t\t<div class=\"elementor-widget-container\">\n\t\t\t\t\t\t\t\t\t<p>KONTAKT<\/p><p><a href=\"tel:08989084915\">+49 (0)89 \u2013 89 08 49 15 \/ <\/a><a href=\"mailto:contact@mediation-wittmann.de\">CONTACT@MEDIATION-WITTMANN.DE<\/a><\/p><p><a href=\"https:\/\/www.google.com\/maps\/place\/Volkartstra\u00dfe+30,+80634+M\u00fcnchen\/@48.1559119,11.5356165,21z\/data=!4m6!3m5!1s0x479e76147b4a614d:0x9b7d01aec6342ceb!8m2!3d48.1559622!4d11.5357529!16s%2Fg%2F11c22wd5tg?entry=ttu\" target=\"_blank\" rel=\"noopener\">VOLKARTSTRASSE 30 \/ 80634 M\u00dcNCHEN<\/a><\/p>\t\t\t\t\t\t\t\t<\/div>\n\t\t\t\t<\/div>\n\t\t\t\t<div class=\"elementor-element elementor-element-6149b1d elementor-widget-divider--view-line elementor-widget elementor-widget-divider\" data-id=\"6149b1d\" data-element_type=\"widget\" data-widget_type=\"divider.default\">\n\t\t\t\t<div class=\"elementor-widget-container\">\n\t\t\t\t\t\t\t<div class=\"elementor-divider\">\n\t\t\t<span class=\"elementor-divider-separator\">\n\t\t\t\t\t\t<\/span>\n\t\t<\/div>\n\t\t\t\t\t\t<\/div>\n\t\t\t\t<\/div>\n\t\t\t\t\t<\/div>\n\t\t\t\t<\/div>\n\t\t\t\t<\/div>\n\t\t","protected":false},"excerpt":{"rendered":"<p>MONICA WITTMANN Es entspricht meiner ureigensten \u00dcberzeugung, dass uns das Menschsein dazu verpflichtet, auch in hochemotionalen Konfliktsituationen respektvoll miteinander umzugehen [&hellip;]<\/p>\n","protected":false},"author":4,"featured_media":0,"parent":0,"menu_order":2,"comment_status":"closed","ping_status":"closed","template":"elementor_header_footer","meta":{"site-sidebar-layout":"no-sidebar","site-content-layout":"","ast-site-content-layout":"full-width-container","site-content-style":"default","site-sidebar-style":"default","ast-global-header-display":"","ast-banner-title-visibility":"","ast-main-header-display":"","ast-hfb-above-header-display":"","ast-hfb-below-header-display":"","ast-hfb-mobile-header-display":"","site-post-title":"disabled","ast-breadcrumbs-content":"","ast-featured-img":"disabled","footer-sml-layout":"","theme-transparent-header-meta":"","adv-header-id-meta":"","stick-header-meta":"","header-above-stick-meta":"","header-main-stick-meta":"","header-below-stick-meta":"","astra-migrate-meta-layouts":"default","ast-page-background-enabled":"default","ast-page-background-meta":{"desktop":{"background-color":"var(--ast-global-color-4)","background-image":"","background-repeat":"repeat","background-position":"center center","background-size":"auto","background-attachment":"scroll","background-type":"","background-media":"","overlay-type":"","overlay-color":"","overlay-gradient":""},"tablet":{"background-color":"","background-image":"","background-repeat":"repeat","background-position":"center center","background-size":"auto","background-attachment":"scroll","background-type":"","background-media":"","overlay-type":"","overlay-color":"","overlay-gradient":""},"mobile":{"background-color":"","background-image":"","background-repeat":"repeat","background-position":"center center","background-size":"auto","background-attachment":"scroll","background-type":"","background-media":"","overlay-type":"","overlay-color":"","overlay-gradient":""}},"ast-content-background-meta":{"desktop":{"background-color":"var(--ast-global-color-5)","background-image":"","background-repeat":"repeat","background-position":"center center","background-size":"auto","background-attachment":"scroll","background-type":"","background-media":"","overlay-type":"","overlay-color":"","overlay-gradient":""},"tablet":{"background-color":"var(--ast-global-color-5)","background-image":"","background-repeat":"repeat","background-position":"center center","background-size":"auto","background-attachment":"scroll","background-type":"","background-media":"","overlay-type":"","overlay-color":"","overlay-gradient":""},"mobile":{"background-color":"var(--ast-global-color-5)","background-image":"","background-repeat":"repeat","background-position":"center center","background-size":"auto","background-attachment":"scroll","background-type":"","background-media":"","overlay-type":"","overlay-color":"","overlay-gradient":""}},"footnotes":""},"aioseo_notices":[],"_links":{"self":[{"href":"https:\/\/mediation-wittmann.de\/index.php\/wp-json\/wp\/v2\/pages\/15461"}],"collection":[{"href":"https:\/\/mediation-wittmann.de\/index.php\/wp-json\/wp\/v2\/pages"}],"about":[{"href":"https:\/\/mediation-wittmann.de\/index.php\/wp-json\/wp\/v2\/types\/page"}],"author":[{"embeddable":true,"href":"https:\/\/mediation-wittmann.de\/index.php\/wp-json\/wp\/v2\/users\/4"}],"replies":[{"embeddable":true,"href":"https:\/\/mediation-wittmann.de\/index.php\/wp-json\/wp\/v2\/comments?post=15461"}],"version-history":[{"count":19,"href":"https:\/\/mediation-wittmann.de\/index.php\/wp-json\/wp\/v2\/pages\/15461\/revisions"}],"predecessor-version":[{"id":15621,"href":"https:\/\/mediation-wittmann.de\/index.php\/wp-json\/wp\/v2\/pages\/15461\/revisions\/15621"}],"wp:attachment":[{"href":"https:\/\/mediation-wittmann.de\/index.php\/wp-json\/wp\/v2\/media?parent=15461"}],"curies":[{"name":"wp","href":"https:\/\/api.w.org\/{rel}","templated":true}]}}